{"id":1781,"date":"2021-01-12T22:25:47","date_gmt":"2021-01-12T22:25:47","guid":{"rendered":"http:\/\/institutomangara.org\/?page_id=1781"},"modified":"2021-02-05T21:48:32","modified_gmt":"2021-02-05T21:48:32","slug":"projeto-escola-de-musica","status":"publish","type":"page","link":"https:\/\/institutomangara.org\/?page_id=1781","title":{"rendered":"Projeto Escola de M\u00fasica"},"content":{"rendered":"\t\t<div data-elementor-type=\"wp-page\" data-elementor-id=\"1781\" class=\"elementor elementor-1781\" data-elementor-settings=\"[]\">\n\t\t\t\t\t\t<div class=\"elementor-inner\">\n\t\t\t\t\t\t\t<div class=\"elementor-section-wrap\">\n\t\t\t\t\t\t\t<section class=\"has_ma_el_bg_slider elementor-section elementor-top-section elementor-element elementor-element-0175250 elementor-section-boxed elementor-section-height-default elementor-section-height-default\" data-id=\"0175250\" data-element_type=\"section\">\n\t\t\t\t\t\t<div class=\"elementor-container elementor-column-gap-default\">\n\t\t\t\t\t\t\t<div class=\"elementor-row\">\n\t\t\t\t\t<div class=\"has_ma_el_bg_slider elementor-column elementor-col-100 elementor-top-column elementor-element elementor-element-80308a0\" data-id=\"80308a0\" data-element_type=\"column\">\n\t\t\t<div class=\"elementor-column-wrap elementor-element-populated\">\n\t\t\t\t\t\t\t<div class=\"elementor-widget-wrap\">\n\t\t\t\t\t\t<div class=\"elementor-element elementor-element-b495484 elementor-widget elementor-widget-heading\" data-id=\"b495484\" data-element_type=\"widget\" data-widget_type=\"heading.default\">\n\t\t\t\t<div class=\"elementor-widget-container\">\n\t\t\t<h2 class=\"elementor-heading-title elementor-size-default\">Projeto Escola de M\u00fasica<\/h2>\t\t<\/div>\n\t\t\t\t<\/div>\n\t\t\t\t\t\t<\/div>\n\t\t\t\t\t<\/div>\n\t\t<\/div>\n\t\t\t\t\t\t\t\t<\/div>\n\t\t\t\t\t<\/div>\n\t\t<\/section>\n\t\t\t\t<section class=\"has_ma_el_bg_slider elementor-section elementor-top-section elementor-element elementor-element-978fad8 elementor-section-boxed elementor-section-height-default elementor-section-height-default\" data-id=\"978fad8\" data-element_type=\"section\">\n\t\t\t\t\t\t<div class=\"elementor-container elementor-column-gap-default\">\n\t\t\t\t\t\t\t<div class=\"elementor-row\">\n\t\t\t\t\t<div class=\"has_ma_el_bg_slider elementor-column elementor-col-100 elementor-top-column elementor-element elementor-element-2b40d2a\" data-id=\"2b40d2a\" data-element_type=\"column\">\n\t\t\t<div class=\"elementor-column-wrap elementor-element-populated\">\n\t\t\t\t\t\t\t<div class=\"elementor-widget-wrap\">\n\t\t\t\t\t\t<div class=\"elementor-element elementor-element-d36ac7b elementor-widget elementor-widget-text-editor\" data-id=\"d36ac7b\" data-element_type=\"widget\" data-widget_type=\"text-editor.default\">\n\t\t\t\t<div class=\"elementor-widget-container\">\n\t\t\t\t\t<div class=\"elementor-text-editor elementor-clearfix\"><p>Este projeto teve in\u00edcio em\u00a0 agosto de 2013 e finalizou em mar\u00e7o de 2015. Auto sustentado parte pelos\u00a0 participantes\u00a0 parte\u00a0 pelo instituto atendeu quinze adolescentes com aulas semanais ministradas pelo M\u00fasico Regente Abimael Gomes Mesquita . Foi um trabalho de\u00a0 educa\u00e7\u00e3o musical com leitura de partituras e aprendizagem de instrumentos como flauta , viol\u00e3o, acordeon e teclado. Cada participante adquiriu sua flauta para iniciar o aprendizado. Depois foram definindo alguns instrumentos O Juan texeira come\u00e7ou<\/p>\n<p>\u00a0<\/p><\/div>\n\t\t\t\t<\/div>\n\t\t\t\t<\/div>\n\t\t\t\t\t\t<\/div>\n\t\t\t\t\t<\/div>\n\t\t<\/div>\n\t\t\t\t\t\t\t\t<\/div>\n\t\t\t\t\t<\/div>\n\t\t<\/section>\n\t\t\t\t<section class=\"has_ma_el_bg_slider elementor-section elementor-top-section elementor-element elementor-element-21e956e elementor-section-boxed elementor-section-height-default elementor-section-height-default\" data-id=\"21e956e\" data-element_type=\"section\">\n\t\t\t\t\t\t<div class=\"elementor-container elementor-column-gap-default\">\n\t\t\t\t\t\t\t<div class=\"elementor-row\">\n\t\t\t\t\t<div class=\"has_ma_el_bg_slider elementor-column elementor-col-100 elementor-top-column elementor-element elementor-element-82f919f\" data-id=\"82f919f\" data-element_type=\"column\">\n\t\t\t<div class=\"elementor-column-wrap elementor-element-populated\">\n\t\t\t\t\t\t\t<div class=\"elementor-widget-wrap\">\n\t\t\t\t\t\t<div class=\"elementor-element elementor-element-efe95fc elementor-widget elementor-widget-image-gallery\" data-id=\"efe95fc\" data-element_type=\"widget\" data-widget_type=\"image-gallery.default\">\n\t\t\t\t<div class=\"elementor-widget-container\">\n\t\t\t\t\t<div class=\"elementor-image-gallery\">\n\t\t\t<div id='gallery-1' class='gallery galleryid-1781 gallery-columns-3 gallery-size-medium'><figure class='gallery-item'>\n\t\t\t<div class='gallery-icon landscape'>\n\t\t\t\t<a data-elementor-open-lightbox=\"yes\" data-elementor-lightbox-slideshow=\"efe95fc\" data-elementor-lightbox-title=\"Musica 2\" href='https:\/\/institutomangara.org\/wp-content\/uploads\/2021\/02\/Musica-2-scaled.jpg'><img loading=\"lazy\" decoding=\"async\" width=\"300\" height=\"169\" src=\"https:\/\/institutomangara.org\/wp-content\/uploads\/2021\/02\/Musica-2-300x169.jpg\" class=\"attachment-medium size-medium\" alt=\"\" srcset=\"https:\/\/institutomangara.org\/wp-content\/uploads\/2021\/02\/Musica-2-300x169.jpg 300w, https:\/\/institutomangara.org\/wp-content\/uploads\/2021\/02\/Musica-2-1024x576.jpg 1024w, https:\/\/institutomangara.org\/wp-content\/uploads\/2021\/02\/Musica-2-768x432.jpg 768w, https:\/\/institutomangara.org\/wp-content\/uploads\/2021\/02\/Musica-2-1536x864.jpg 1536w, https:\/\/institutomangara.org\/wp-content\/uploads\/2021\/02\/Musica-2-2048x1152.jpg 2048w\" sizes=\"auto, (max-width: 300px) 100vw, 300px\" \/><\/a>\n\t\t\t<\/div><\/figure><figure class='gallery-item'>\n\t\t\t<div class='gallery-icon landscape'>\n\t\t\t\t<a data-elementor-open-lightbox=\"yes\" data-elementor-lightbox-slideshow=\"efe95fc\" data-elementor-lightbox-title=\"Musica 3\" href='https:\/\/institutomangara.org\/wp-content\/uploads\/2021\/02\/Musica-3-scaled.jpg'><img loading=\"lazy\" decoding=\"async\" width=\"300\" height=\"169\" src=\"https:\/\/institutomangara.org\/wp-content\/uploads\/2021\/02\/Musica-3-300x169.jpg\" class=\"attachment-medium size-medium\" alt=\"\" srcset=\"https:\/\/institutomangara.org\/wp-content\/uploads\/2021\/02\/Musica-3-300x169.jpg 300w, https:\/\/institutomangara.org\/wp-content\/uploads\/2021\/02\/Musica-3-1024x576.jpg 1024w, https:\/\/institutomangara.org\/wp-content\/uploads\/2021\/02\/Musica-3-768x432.jpg 768w, https:\/\/institutomangara.org\/wp-content\/uploads\/2021\/02\/Musica-3-1536x864.jpg 1536w, https:\/\/institutomangara.org\/wp-content\/uploads\/2021\/02\/Musica-3-2048x1152.jpg 2048w\" sizes=\"auto, (max-width: 300px) 100vw, 300px\" \/><\/a>\n\t\t\t<\/div><\/figure><figure class='gallery-item'>\n\t\t\t<div class='gallery-icon landscape'>\n\t\t\t\t<a data-elementor-open-lightbox=\"yes\" data-elementor-lightbox-slideshow=\"efe95fc\" data-elementor-lightbox-title=\"Musica 4\" href='https:\/\/institutomangara.org\/wp-content\/uploads\/2021\/02\/Musica-4-scaled.jpg'><img loading=\"lazy\" decoding=\"async\" width=\"300\" height=\"169\" src=\"https:\/\/institutomangara.org\/wp-content\/uploads\/2021\/02\/Musica-4-300x169.jpg\" class=\"attachment-medium size-medium\" alt=\"\" srcset=\"https:\/\/institutomangara.org\/wp-content\/uploads\/2021\/02\/Musica-4-300x169.jpg 300w, https:\/\/institutomangara.org\/wp-content\/uploads\/2021\/02\/Musica-4-1024x576.jpg 1024w, https:\/\/institutomangara.org\/wp-content\/uploads\/2021\/02\/Musica-4-768x432.jpg 768w, https:\/\/institutomangara.org\/wp-content\/uploads\/2021\/02\/Musica-4-1536x864.jpg 1536w, https:\/\/institutomangara.org\/wp-content\/uploads\/2021\/02\/Musica-4-2048x1152.jpg 2048w\" sizes=\"auto, (max-width: 300px) 100vw, 300px\" \/><\/a>\n\t\t\t<\/div><\/figure><figure class='gallery-item'>\n\t\t\t<div class='gallery-icon landscape'>\n\t\t\t\t<a data-elementor-open-lightbox=\"yes\" data-elementor-lightbox-slideshow=\"efe95fc\" data-elementor-lightbox-title=\"Musica 5\" href='https:\/\/institutomangara.org\/wp-content\/uploads\/2021\/02\/Musica-5-scaled.jpg'><img loading=\"lazy\" decoding=\"async\" width=\"300\" height=\"169\" src=\"https:\/\/institutomangara.org\/wp-content\/uploads\/2021\/02\/Musica-5-300x169.jpg\" class=\"attachment-medium size-medium\" alt=\"\" srcset=\"https:\/\/institutomangara.org\/wp-content\/uploads\/2021\/02\/Musica-5-300x169.jpg 300w, https:\/\/institutomangara.org\/wp-content\/uploads\/2021\/02\/Musica-5-1024x576.jpg 1024w, https:\/\/institutomangara.org\/wp-content\/uploads\/2021\/02\/Musica-5-768x432.jpg 768w, https:\/\/institutomangara.org\/wp-content\/uploads\/2021\/02\/Musica-5-1536x864.jpg 1536w, https:\/\/institutomangara.org\/wp-content\/uploads\/2021\/02\/Musica-5-2048x1152.jpg 2048w\" sizes=\"auto, (max-width: 300px) 100vw, 300px\" \/><\/a>\n\t\t\t<\/div><\/figure><figure class='gallery-item'>\n\t\t\t<div class='gallery-icon landscape'>\n\t\t\t\t<a data-elementor-open-lightbox=\"yes\" data-elementor-lightbox-slideshow=\"efe95fc\" data-elementor-lightbox-title=\"Musica 6\" href='https:\/\/institutomangara.org\/wp-content\/uploads\/2021\/02\/Musica-6-scaled.jpg'><img loading=\"lazy\" decoding=\"async\" width=\"300\" height=\"169\" src=\"https:\/\/institutomangara.org\/wp-content\/uploads\/2021\/02\/Musica-6-300x169.jpg\" class=\"attachment-medium size-medium\" alt=\"\" srcset=\"https:\/\/institutomangara.org\/wp-content\/uploads\/2021\/02\/Musica-6-300x169.jpg 300w, https:\/\/institutomangara.org\/wp-content\/uploads\/2021\/02\/Musica-6-1024x576.jpg 1024w, https:\/\/institutomangara.org\/wp-content\/uploads\/2021\/02\/Musica-6-768x432.jpg 768w, https:\/\/institutomangara.org\/wp-content\/uploads\/2021\/02\/Musica-6-1536x864.jpg 1536w, https:\/\/institutomangara.org\/wp-content\/uploads\/2021\/02\/Musica-6-2048x1152.jpg 2048w\" sizes=\"auto, (max-width: 300px) 100vw, 300px\" \/><\/a>\n\t\t\t<\/div><\/figure><figure class='gallery-item'>\n\t\t\t<div class='gallery-icon landscape'>\n\t\t\t\t<a data-elementor-open-lightbox=\"yes\" data-elementor-lightbox-slideshow=\"efe95fc\" data-elementor-lightbox-title=\"Musica 7\" href='https:\/\/institutomangara.org\/wp-content\/uploads\/2021\/02\/Musica-7-scaled.jpg'><img loading=\"lazy\" decoding=\"async\" width=\"300\" height=\"169\" src=\"https:\/\/institutomangara.org\/wp-content\/uploads\/2021\/02\/Musica-7-300x169.jpg\" class=\"attachment-medium size-medium\" alt=\"\" srcset=\"https:\/\/institutomangara.org\/wp-content\/uploads\/2021\/02\/Musica-7-300x169.jpg 300w, https:\/\/institutomangara.org\/wp-content\/uploads\/2021\/02\/Musica-7-1024x576.jpg 1024w, https:\/\/institutomangara.org\/wp-content\/uploads\/2021\/02\/Musica-7-768x432.jpg 768w, https:\/\/institutomangara.org\/wp-content\/uploads\/2021\/02\/Musica-7-1536x864.jpg 1536w, https:\/\/institutomangara.org\/wp-content\/uploads\/2021\/02\/Musica-7-2048x1152.jpg 2048w\" sizes=\"auto, (max-width: 300px) 100vw, 300px\" \/><\/a>\n\t\t\t<\/div><\/figure>\n\t\t<\/div>\n\t\t<\/div>\n\t\t\t\t<\/div>\n\t\t\t\t<\/div>\n\t\t\t\t\t\t<\/div>\n\t\t\t\t\t<\/div>\n\t\t<\/div>\n\t\t\t\t\t\t\t\t<\/div>\n\t\t\t\t\t<\/div>\n\t\t<\/section>\n\t\t\t\t\t\t<\/div>\n\t\t\t\t\t\t<\/div>\n\t\t\t\t\t<\/div>\n\t\t","protected":false},"excerpt":{"rendered":"<p>Projeto Escola de M\u00fasica Este projeto teve in\u00edcio em\u00a0 agosto de 2013 e finalizou em mar\u00e7o de 2015. Auto sustentado parte pelos\u00a0 participantes\u00a0 parte\u00a0 pelo instituto atendeu quinze adolescentes com aulas semanais ministradas pelo M\u00fasico Regente Abimael Gomes Mesquita . Foi um trabalho de\u00a0 educa\u00e7\u00e3o musical com leitura de partituras e aprendizagem de instrumentos como &hellip;<\/p>\n<p class=\"read-more\"> <a class=\"\" href=\"https:\/\/institutomangara.org\/?page_id=1781\"> <span class=\"screen-reader-text\">Projeto Escola de M\u00fasica<\/span> Leia mais &raquo;<\/a><\/p>\n","protected":false},"author":1,"featured_media":0,"parent":0,"menu_order":0,"comment_status":"closed","ping_status":"closed","template":"","meta":{"footnotes":""},"class_list":["post-1781","page","type-page","status-publish","hentry"],"_links":{"self":[{"href":"https:\/\/institutomangara.org\/index.php?rest_route=\/wp\/v2\/pages\/1781","targetHints":{"allow":["GET"]}}],"collection":[{"href":"https:\/\/institutomangara.org\/index.php?rest_route=\/wp\/v2\/pages"}],"about":[{"href":"https:\/\/institutomangara.org\/index.php?rest_route=\/wp\/v2\/types\/page"}],"author":[{"embeddable":true,"href":"https:\/\/institutomangara.org\/index.php?rest_route=\/wp\/v2\/users\/1"}],"replies":[{"embeddable":true,"href":"https:\/\/institutomangara.org\/index.php?rest_route=%2Fwp%2Fv2%2Fcomments&post=1781"}],"version-history":[{"count":4,"href":"https:\/\/institutomangara.org\/index.php?rest_route=\/wp\/v2\/pages\/1781\/revisions"}],"predecessor-version":[{"id":1836,"href":"https:\/\/institutomangara.org\/index.php?rest_route=\/wp\/v2\/pages\/1781\/revisions\/1836"}],"wp:attachment":[{"href":"https:\/\/institutomangara.org\/index.php?rest_route=%2Fwp%2Fv2%2Fmedia&parent=1781"}],"curies":[{"name":"wp","href":"https:\/\/api.w.org\/{rel}","templated":true}]}}