{"id":1837,"date":"2021-02-05T22:12:59","date_gmt":"2021-02-05T22:12:59","guid":{"rendered":"http:\/\/institutomangara.org\/?page_id=1837"},"modified":"2021-02-16T20:57:42","modified_gmt":"2021-02-16T20:57:42","slug":"projeto-oficinas-de-danca","status":"publish","type":"page","link":"https:\/\/institutomangara.org\/?page_id=1837","title":{"rendered":"Projeto oficinas  de Dan\u00e7a"},"content":{"rendered":"\t\t<div data-elementor-type=\"wp-page\" data-elementor-id=\"1837\" class=\"elementor elementor-1837\" data-elementor-settings=\"[]\">\n\t\t\t\t\t\t<div class=\"elementor-inner\">\n\t\t\t\t\t\t\t<div class=\"elementor-section-wrap\">\n\t\t\t\t\t\t\t<section class=\"has_ma_el_bg_slider elementor-section elementor-top-section elementor-element elementor-element-acdd7ad elementor-section-boxed elementor-section-height-default elementor-section-height-default\" data-id=\"acdd7ad\" data-element_type=\"section\">\n\t\t\t\t\t\t<div class=\"elementor-container elementor-column-gap-default\">\n\t\t\t\t\t\t\t<div class=\"elementor-row\">\n\t\t\t\t\t<div class=\"has_ma_el_bg_slider elementor-column elementor-col-100 elementor-top-column elementor-element elementor-element-0595460\" data-id=\"0595460\" data-element_type=\"column\">\n\t\t\t<div class=\"elementor-column-wrap elementor-element-populated\">\n\t\t\t\t\t\t\t<div class=\"elementor-widget-wrap\">\n\t\t\t\t\t\t<div class=\"elementor-element elementor-element-ad38499 elementor-widget elementor-widget-heading\" data-id=\"ad38499\" data-element_type=\"widget\" data-widget_type=\"heading.default\">\n\t\t\t\t<div class=\"elementor-widget-container\">\n\t\t\t<h2 class=\"elementor-heading-title elementor-size-default\">Projeto oficinas  de Dan\u00e7a<\/h2>\t\t<\/div>\n\t\t\t\t<\/div>\n\t\t\t\t\t\t<\/div>\n\t\t\t\t\t<\/div>\n\t\t<\/div>\n\t\t\t\t\t\t\t\t<\/div>\n\t\t\t\t\t<\/div>\n\t\t<\/section>\n\t\t\t\t<section class=\"has_ma_el_bg_slider elementor-section elementor-top-section elementor-element elementor-element-c2284ed elementor-section-boxed elementor-section-height-default elementor-section-height-default\" data-id=\"c2284ed\" data-element_type=\"section\">\n\t\t\t\t\t\t<div class=\"elementor-container elementor-column-gap-default\">\n\t\t\t\t\t\t\t<div class=\"elementor-row\">\n\t\t\t\t\t<div class=\"has_ma_el_bg_slider elementor-column elementor-col-100 elementor-top-column elementor-element elementor-element-949e067\" data-id=\"949e067\" data-element_type=\"column\">\n\t\t\t<div class=\"elementor-column-wrap elementor-element-populated\">\n\t\t\t\t\t\t\t<div class=\"elementor-widget-wrap\">\n\t\t\t\t\t\t<div class=\"elementor-element elementor-element-a4296ca elementor-widget elementor-widget-text-editor\" data-id=\"a4296ca\" data-element_type=\"widget\" data-widget_type=\"text-editor.default\">\n\t\t\t\t<div class=\"elementor-widget-container\">\n\t\t\t\t\t<div class=\"elementor-text-editor elementor-clearfix\"><p>Come\u00e7ou em agosto de 2014 com\u00a0 aulas semanais \u00e0s quintas feiras\u00a0 de\u00a0 dan\u00e7a contempor\u00e2nea\u00a0 para adolescentes no per\u00edodo da manh\u00e3 e trabalho corporal com mulheres \u00e0 noite ministrado por Silva Moura.\u00a0\u00a0<\/p>\n<p>\u00c0s ter\u00e7as o grupo vivenciava a Biodan\u00e7a com a facilita\u00e7\u00e3o de Fatima Mesquita.<\/p>\n<p>Com foco na consci\u00eancia corporal e na percep\u00e7\u00e3o do corpo como fonte de sa\u00fade, prazer,e express\u00e3o \u00fanica do ser no mundo, as aulas de biodan\u00e7a proporcionam momentos para vivenciar o v\u00ednculo consigo, com o outro e com o grupo .<\/p>\n<p>Com o passar do tempo\u00a0 veio a parceria com a rede de Dan\u00e7a atrav\u00e9s do bailarino Cleber Alves que passou a dar aulas aos s\u00e1bados\u00a0 para crian\u00e7as e adolescentes e o grupo de Biodan\u00e7a Mulheres Florescendo facilitado em 2019 por Clevandira Mota e F\u00e1tima Mesquita .<\/p>\n<p>\u00a0<\/p><\/div>\n\t\t\t\t<\/div>\n\t\t\t\t<\/div>\n\t\t\t\t\t\t<\/div>\n\t\t\t\t\t<\/div>\n\t\t<\/div>\n\t\t\t\t\t\t\t\t<\/div>\n\t\t\t\t\t<\/div>\n\t\t<\/section>\n\t\t\t\t<section class=\"has_ma_el_bg_slider elementor-section elementor-top-section elementor-element elementor-element-8cd817e elementor-section-boxed elementor-section-height-default elementor-section-height-default\" data-id=\"8cd817e\" data-element_type=\"section\">\n\t\t\t\t\t\t<div class=\"elementor-container elementor-column-gap-default\">\n\t\t\t\t\t\t\t<div class=\"elementor-row\">\n\t\t\t\t\t<div class=\"has_ma_el_bg_slider elementor-column elementor-col-100 elementor-top-column elementor-element elementor-element-fd2e002\" data-id=\"fd2e002\" data-element_type=\"column\">\n\t\t\t<div class=\"elementor-column-wrap elementor-element-populated\">\n\t\t\t\t\t\t\t<div class=\"elementor-widget-wrap\">\n\t\t\t\t\t\t<div class=\"elementor-element elementor-element-d7104f7 elementor-widget elementor-widget-image-gallery\" data-id=\"d7104f7\" data-element_type=\"widget\" data-widget_type=\"image-gallery.default\">\n\t\t\t\t<div class=\"elementor-widget-container\">\n\t\t\t\t\t<div class=\"elementor-image-gallery\">\n\t\t\t<div id='gallery-1' class='gallery galleryid-1837 gallery-columns-3 gallery-size-medium'><figure class='gallery-item'>\n\t\t\t<div class='gallery-icon landscape'>\n\t\t\t\t<a data-elementor-open-lightbox=\"yes\" data-elementor-lightbox-slideshow=\"d7104f7\" data-elementor-lightbox-title=\"Dan\u00e7a 1\" href='https:\/\/institutomangara.org\/wp-content\/uploads\/2021\/02\/Danca-1-scaled.jpg'><img loading=\"lazy\" decoding=\"async\" width=\"300\" height=\"169\" src=\"https:\/\/institutomangara.org\/wp-content\/uploads\/2021\/02\/Danca-1-300x169.jpg\" class=\"attachment-medium size-medium\" alt=\"\" srcset=\"https:\/\/institutomangara.org\/wp-content\/uploads\/2021\/02\/Danca-1-300x169.jpg 300w, https:\/\/institutomangara.org\/wp-content\/uploads\/2021\/02\/Danca-1-1024x576.jpg 1024w, https:\/\/institutomangara.org\/wp-content\/uploads\/2021\/02\/Danca-1-768x432.jpg 768w, https:\/\/institutomangara.org\/wp-content\/uploads\/2021\/02\/Danca-1-1536x864.jpg 1536w, https:\/\/institutomangara.org\/wp-content\/uploads\/2021\/02\/Danca-1-2048x1152.jpg 2048w\" sizes=\"auto, (max-width: 300px) 100vw, 300px\" \/><\/a>\n\t\t\t<\/div><\/figure><figure class='gallery-item'>\n\t\t\t<div class='gallery-icon landscape'>\n\t\t\t\t<a data-elementor-open-lightbox=\"yes\" data-elementor-lightbox-slideshow=\"d7104f7\" data-elementor-lightbox-title=\"Dan\u00e7a 2\" href='https:\/\/institutomangara.org\/wp-content\/uploads\/2021\/02\/Danca-2-scaled.jpg'><img loading=\"lazy\" decoding=\"async\" width=\"300\" height=\"169\" src=\"https:\/\/institutomangara.org\/wp-content\/uploads\/2021\/02\/Danca-2-300x169.jpg\" class=\"attachment-medium size-medium\" alt=\"\" srcset=\"https:\/\/institutomangara.org\/wp-content\/uploads\/2021\/02\/Danca-2-300x169.jpg 300w, https:\/\/institutomangara.org\/wp-content\/uploads\/2021\/02\/Danca-2-1024x576.jpg 1024w, https:\/\/institutomangara.org\/wp-content\/uploads\/2021\/02\/Danca-2-768x432.jpg 768w, https:\/\/institutomangara.org\/wp-content\/uploads\/2021\/02\/Danca-2-1536x864.jpg 1536w, https:\/\/institutomangara.org\/wp-content\/uploads\/2021\/02\/Danca-2-2048x1152.jpg 2048w\" sizes=\"auto, (max-width: 300px) 100vw, 300px\" \/><\/a>\n\t\t\t<\/div><\/figure><figure class='gallery-item'>\n\t\t\t<div class='gallery-icon landscape'>\n\t\t\t\t<a data-elementor-open-lightbox=\"yes\" data-elementor-lightbox-slideshow=\"d7104f7\" data-elementor-lightbox-title=\"Dan\u00e7a 3\" href='https:\/\/institutomangara.org\/wp-content\/uploads\/2021\/02\/Danca-3-scaled.jpg'><img loading=\"lazy\" decoding=\"async\" width=\"300\" height=\"169\" src=\"https:\/\/institutomangara.org\/wp-content\/uploads\/2021\/02\/Danca-3-300x169.jpg\" class=\"attachment-medium size-medium\" alt=\"\" srcset=\"https:\/\/institutomangara.org\/wp-content\/uploads\/2021\/02\/Danca-3-300x169.jpg 300w, https:\/\/institutomangara.org\/wp-content\/uploads\/2021\/02\/Danca-3-1024x576.jpg 1024w, https:\/\/institutomangara.org\/wp-content\/uploads\/2021\/02\/Danca-3-768x432.jpg 768w, https:\/\/institutomangara.org\/wp-content\/uploads\/2021\/02\/Danca-3-1536x864.jpg 1536w, https:\/\/institutomangara.org\/wp-content\/uploads\/2021\/02\/Danca-3-2048x1152.jpg 2048w\" sizes=\"auto, (max-width: 300px) 100vw, 300px\" \/><\/a>\n\t\t\t<\/div><\/figure><figure class='gallery-item'>\n\t\t\t<div class='gallery-icon landscape'>\n\t\t\t\t<a data-elementor-open-lightbox=\"yes\" data-elementor-lightbox-slideshow=\"d7104f7\" data-elementor-lightbox-title=\"dan\u00e7a 1\" href='https:\/\/institutomangara.org\/wp-content\/uploads\/2021\/02\/danca-1-2.jpg'><img loading=\"lazy\" decoding=\"async\" width=\"300\" height=\"169\" src=\"https:\/\/institutomangara.org\/wp-content\/uploads\/2021\/02\/danca-1-2-300x169.jpg\" class=\"attachment-medium size-medium\" alt=\"\" srcset=\"https:\/\/institutomangara.org\/wp-content\/uploads\/2021\/02\/danca-1-2-300x169.jpg 300w, https:\/\/institutomangara.org\/wp-content\/uploads\/2021\/02\/danca-1-2-1024x576.jpg 1024w, https:\/\/institutomangara.org\/wp-content\/uploads\/2021\/02\/danca-1-2-768x432.jpg 768w, https:\/\/institutomangara.org\/wp-content\/uploads\/2021\/02\/danca-1-2.jpg 1164w\" sizes=\"auto, (max-width: 300px) 100vw, 300px\" \/><\/a>\n\t\t\t<\/div><\/figure><figure class='gallery-item'>\n\t\t\t<div class='gallery-icon landscape'>\n\t\t\t\t<a data-elementor-open-lightbox=\"yes\" data-elementor-lightbox-slideshow=\"d7104f7\" data-elementor-lightbox-title=\"dan\u00e7a 2\" href='https:\/\/institutomangara.org\/wp-content\/uploads\/2021\/02\/danca-2-1.jpg'><img loading=\"lazy\" decoding=\"async\" width=\"300\" height=\"169\" src=\"https:\/\/institutomangara.org\/wp-content\/uploads\/2021\/02\/danca-2-1-300x169.jpg\" class=\"attachment-medium size-medium\" alt=\"\" srcset=\"https:\/\/institutomangara.org\/wp-content\/uploads\/2021\/02\/danca-2-1-300x169.jpg 300w, https:\/\/institutomangara.org\/wp-content\/uploads\/2021\/02\/danca-2-1-768x432.jpg 768w, https:\/\/institutomangara.org\/wp-content\/uploads\/2021\/02\/danca-2-1.jpg 941w\" sizes=\"auto, (max-width: 300px) 100vw, 300px\" \/><\/a>\n\t\t\t<\/div><\/figure><figure class='gallery-item'>\n\t\t\t<div class='gallery-icon landscape'>\n\t\t\t\t<a data-elementor-open-lightbox=\"yes\" data-elementor-lightbox-slideshow=\"d7104f7\" data-elementor-lightbox-title=\"dan\u00e7a 3\" href='https:\/\/institutomangara.org\/wp-content\/uploads\/2021\/02\/danca-3-2.jpg'><img loading=\"lazy\" decoding=\"async\" width=\"300\" height=\"169\" src=\"https:\/\/institutomangara.org\/wp-content\/uploads\/2021\/02\/danca-3-2-300x169.jpg\" class=\"attachment-medium size-medium\" alt=\"\" srcset=\"https:\/\/institutomangara.org\/wp-content\/uploads\/2021\/02\/danca-3-2-300x169.jpg 300w, https:\/\/institutomangara.org\/wp-content\/uploads\/2021\/02\/danca-3-2-1024x576.jpg 1024w, https:\/\/institutomangara.org\/wp-content\/uploads\/2021\/02\/danca-3-2-768x432.jpg 768w, https:\/\/institutomangara.org\/wp-content\/uploads\/2021\/02\/danca-3-2.jpg 1157w\" sizes=\"auto, (max-width: 300px) 100vw, 300px\" \/><\/a>\n\t\t\t<\/div><\/figure>\n\t\t<\/div>\n\t\t<\/div>\n\t\t\t\t<\/div>\n\t\t\t\t<\/div>\n\t\t\t\t\t\t<\/div>\n\t\t\t\t\t<\/div>\n\t\t<\/div>\n\t\t\t\t\t\t\t\t<\/div>\n\t\t\t\t\t<\/div>\n\t\t<\/section>\n\t\t\t\t\t\t<\/div>\n\t\t\t\t\t\t<\/div>\n\t\t\t\t\t<\/div>\n\t\t","protected":false},"excerpt":{"rendered":"<p>Projeto oficinas de Dan\u00e7a Come\u00e7ou em agosto de 2014 com\u00a0 aulas semanais \u00e0s quintas feiras\u00a0 de\u00a0 dan\u00e7a contempor\u00e2nea\u00a0 para adolescentes no per\u00edodo da manh\u00e3 e trabalho corporal com mulheres \u00e0 noite ministrado por Silva Moura.\u00a0\u00a0 \u00c0s ter\u00e7as o grupo vivenciava a Biodan\u00e7a com a facilita\u00e7\u00e3o de Fatima Mesquita. Com foco na consci\u00eancia corporal e na &hellip;<\/p>\n<p class=\"read-more\"> <a class=\"\" href=\"https:\/\/institutomangara.org\/?page_id=1837\"> <span class=\"screen-reader-text\">Projeto oficinas  de Dan\u00e7a<\/span> Leia mais &raquo;<\/a><\/p>\n","protected":false},"author":1,"featured_media":0,"parent":0,"menu_order":0,"comment_status":"closed","ping_status":"closed","template":"","meta":{"footnotes":""},"class_list":["post-1837","page","type-page","status-publish","hentry"],"_links":{"self":[{"href":"https:\/\/institutomangara.org\/index.php?rest_route=\/wp\/v2\/pages\/1837","targetHints":{"allow":["GET"]}}],"collection":[{"href":"https:\/\/institutomangara.org\/index.php?rest_route=\/wp\/v2\/pages"}],"about":[{"href":"https:\/\/institutomangara.org\/index.php?rest_route=\/wp\/v2\/types\/page"}],"author":[{"embeddable":true,"href":"https:\/\/institutomangara.org\/index.php?rest_route=\/wp\/v2\/users\/1"}],"replies":[{"embeddable":true,"href":"https:\/\/institutomangara.org\/index.php?rest_route=%2Fwp%2Fv2%2Fcomments&post=1837"}],"version-history":[{"count":7,"href":"https:\/\/institutomangara.org\/index.php?rest_route=\/wp\/v2\/pages\/1837\/revisions"}],"predecessor-version":[{"id":2278,"href":"https:\/\/institutomangara.org\/index.php?rest_route=\/wp\/v2\/pages\/1837\/revisions\/2278"}],"wp:attachment":[{"href":"https:\/\/institutomangara.org\/index.php?rest_route=%2Fwp%2Fv2%2Fmedia&parent=1837"}],"curies":[{"name":"wp","href":"https:\/\/api.w.org\/{rel}","templated":true}]}}