{"id":1879,"date":"2021-02-05T23:53:37","date_gmt":"2021-02-05T23:53:37","guid":{"rendered":"http:\/\/institutomangara.org\/?page_id=1879"},"modified":"2021-02-16T20:25:56","modified_gmt":"2021-02-16T20:25:56","slug":"projeto-ecomeio","status":"publish","type":"page","link":"https:\/\/institutomangara.org\/?page_id=1879","title":{"rendered":"Projeto EcoMeio"},"content":{"rendered":"\t\t<div data-elementor-type=\"wp-page\" data-elementor-id=\"1879\" class=\"elementor elementor-1879\" data-elementor-settings=\"[]\">\n\t\t\t\t\t\t<div class=\"elementor-inner\">\n\t\t\t\t\t\t\t<div class=\"elementor-section-wrap\">\n\t\t\t\t\t\t\t<section class=\"has_ma_el_bg_slider elementor-section elementor-top-section elementor-element elementor-element-3c73570 elementor-section-boxed elementor-section-height-default elementor-section-height-default\" data-id=\"3c73570\" data-element_type=\"section\">\n\t\t\t\t\t\t<div class=\"elementor-container elementor-column-gap-default\">\n\t\t\t\t\t\t\t<div class=\"elementor-row\">\n\t\t\t\t\t<div class=\"has_ma_el_bg_slider elementor-column elementor-col-100 elementor-top-column elementor-element elementor-element-da97111\" data-id=\"da97111\" data-element_type=\"column\">\n\t\t\t<div class=\"elementor-column-wrap elementor-element-populated\">\n\t\t\t\t\t\t\t<div class=\"elementor-widget-wrap\">\n\t\t\t\t\t\t<div class=\"elementor-element elementor-element-a5cc791 elementor-widget elementor-widget-heading\" data-id=\"a5cc791\" data-element_type=\"widget\" data-widget_type=\"heading.default\">\n\t\t\t\t<div class=\"elementor-widget-container\">\n\t\t\t<h2 class=\"elementor-heading-title elementor-size-default\">Projeto EcoMeio<\/h2>\t\t<\/div>\n\t\t\t\t<\/div>\n\t\t\t\t\t\t<\/div>\n\t\t\t\t\t<\/div>\n\t\t<\/div>\n\t\t\t\t\t\t\t\t<\/div>\n\t\t\t\t\t<\/div>\n\t\t<\/section>\n\t\t\t\t<section class=\"has_ma_el_bg_slider elementor-section elementor-top-section elementor-element elementor-element-dadbd05 elementor-section-boxed elementor-section-height-default elementor-section-height-default\" data-id=\"dadbd05\" data-element_type=\"section\">\n\t\t\t\t\t\t<div class=\"elementor-container elementor-column-gap-default\">\n\t\t\t\t\t\t\t<div class=\"elementor-row\">\n\t\t\t\t\t<div class=\"has_ma_el_bg_slider elementor-column elementor-col-100 elementor-top-column elementor-element elementor-element-43511ec\" data-id=\"43511ec\" data-element_type=\"column\">\n\t\t\t<div class=\"elementor-column-wrap elementor-element-populated\">\n\t\t\t\t\t\t\t<div class=\"elementor-widget-wrap\">\n\t\t\t\t\t\t<div class=\"elementor-element elementor-element-9421978 elementor-widget elementor-widget-text-editor\" data-id=\"9421978\" data-element_type=\"widget\" data-widget_type=\"text-editor.default\">\n\t\t\t\t<div class=\"elementor-widget-container\">\n\t\t\t\t\t<div class=\"elementor-text-editor elementor-clearfix\"><p>Ainda em processo de implanta\u00e7\u00e3o. Envolve um empreendimento com\u00a0 viveiro de mudas, uma casa de sementes para venda e troca de sementes e a produ\u00e7\u00e3o de artesanato com materiais recicl\u00e1veis.Tem o prop\u00f3sito de desenvolver pr\u00e1ticas de permacultura e agroecologia na produ\u00e7\u00e3o de alimentos saud\u00e1veis gerando renda e sustentabilidade financeira para as empreendedoras. Integrando as tr\u00eas a\u00e7\u00f5es do projeto,\u00a0 visa a contribuir com a preserva\u00e7\u00e3o das sementes crioulas, buscando autonomia dos agricultores locais; reutilizar e reciclar\u00a0 envolvendo a comunidade na produ\u00e7\u00e3o artesanal com recicl\u00e1veis e na prote\u00e7\u00e3o ambiental<\/p><p>\u00a0<\/p><\/div>\n\t\t\t\t<\/div>\n\t\t\t\t<\/div>\n\t\t\t\t\t\t<\/div>\n\t\t\t\t\t<\/div>\n\t\t<\/div>\n\t\t\t\t\t\t\t\t<\/div>\n\t\t\t\t\t<\/div>\n\t\t<\/section>\n\t\t\t\t<section class=\"has_ma_el_bg_slider elementor-section elementor-top-section elementor-element elementor-element-c13de61 elementor-section-boxed elementor-section-height-default elementor-section-height-default\" data-id=\"c13de61\" data-element_type=\"section\">\n\t\t\t\t\t\t<div class=\"elementor-container elementor-column-gap-default\">\n\t\t\t\t\t\t\t<div class=\"elementor-row\">\n\t\t\t\t\t<div class=\"has_ma_el_bg_slider elementor-column elementor-col-100 elementor-top-column elementor-element elementor-element-db17a55\" data-id=\"db17a55\" data-element_type=\"column\">\n\t\t\t<div class=\"elementor-column-wrap elementor-element-populated\">\n\t\t\t\t\t\t\t<div class=\"elementor-widget-wrap\">\n\t\t\t\t\t\t<div class=\"elementor-element elementor-element-0079860 elementor-widget elementor-widget-image-gallery\" data-id=\"0079860\" data-element_type=\"widget\" data-widget_type=\"image-gallery.default\">\n\t\t\t\t<div class=\"elementor-widget-container\">\n\t\t\t\t\t<div class=\"elementor-image-gallery\">\n\t\t\t<div id='gallery-1' class='gallery galleryid-1879 gallery-columns-3 gallery-size-medium_large'><figure class='gallery-item'>\n\t\t\t<div class='gallery-icon landscape'>\n\t\t\t\t<a data-elementor-open-lightbox=\"yes\" data-elementor-lightbox-slideshow=\"0079860\" data-elementor-lightbox-title=\"Ecomeio 2\" href='https:\/\/institutomangara.org\/wp-content\/uploads\/2021\/02\/Ecomeio-2-scaled.jpg'><img loading=\"lazy\" decoding=\"async\" width=\"768\" height=\"432\" src=\"https:\/\/institutomangara.org\/wp-content\/uploads\/2021\/02\/Ecomeio-2-768x432.jpg\" class=\"attachment-medium_large size-medium_large\" alt=\"\" srcset=\"https:\/\/institutomangara.org\/wp-content\/uploads\/2021\/02\/Ecomeio-2-768x432.jpg 768w, https:\/\/institutomangara.org\/wp-content\/uploads\/2021\/02\/Ecomeio-2-300x169.jpg 300w, https:\/\/institutomangara.org\/wp-content\/uploads\/2021\/02\/Ecomeio-2-1024x576.jpg 1024w, https:\/\/institutomangara.org\/wp-content\/uploads\/2021\/02\/Ecomeio-2-1536x864.jpg 1536w, https:\/\/institutomangara.org\/wp-content\/uploads\/2021\/02\/Ecomeio-2-2048x1152.jpg 2048w\" sizes=\"auto, (max-width: 768px) 100vw, 768px\" \/><\/a>\n\t\t\t<\/div><\/figure><figure class='gallery-item'>\n\t\t\t<div class='gallery-icon landscape'>\n\t\t\t\t<a data-elementor-open-lightbox=\"yes\" data-elementor-lightbox-slideshow=\"0079860\" data-elementor-lightbox-title=\"Ecomeio 3\" href='https:\/\/institutomangara.org\/wp-content\/uploads\/2021\/02\/Ecomeio-3-scaled.jpg'><img loading=\"lazy\" decoding=\"async\" width=\"768\" height=\"432\" src=\"https:\/\/institutomangara.org\/wp-content\/uploads\/2021\/02\/Ecomeio-3-768x432.jpg\" class=\"attachment-medium_large size-medium_large\" alt=\"\" srcset=\"https:\/\/institutomangara.org\/wp-content\/uploads\/2021\/02\/Ecomeio-3-768x432.jpg 768w, https:\/\/institutomangara.org\/wp-content\/uploads\/2021\/02\/Ecomeio-3-300x169.jpg 300w, https:\/\/institutomangara.org\/wp-content\/uploads\/2021\/02\/Ecomeio-3-1024x576.jpg 1024w, https:\/\/institutomangara.org\/wp-content\/uploads\/2021\/02\/Ecomeio-3-1536x864.jpg 1536w, https:\/\/institutomangara.org\/wp-content\/uploads\/2021\/02\/Ecomeio-3-2048x1152.jpg 2048w\" sizes=\"auto, (max-width: 768px) 100vw, 768px\" \/><\/a>\n\t\t\t<\/div><\/figure><figure class='gallery-item'>\n\t\t\t<div class='gallery-icon landscape'>\n\t\t\t\t<a data-elementor-open-lightbox=\"yes\" data-elementor-lightbox-slideshow=\"0079860\" data-elementor-lightbox-title=\"Ecomeio 4\" href='https:\/\/institutomangara.org\/wp-content\/uploads\/2021\/02\/Ecomeio-4-scaled.jpg'><img loading=\"lazy\" decoding=\"async\" width=\"768\" height=\"432\" src=\"https:\/\/institutomangara.org\/wp-content\/uploads\/2021\/02\/Ecomeio-4-768x432.jpg\" class=\"attachment-medium_large size-medium_large\" alt=\"\" srcset=\"https:\/\/institutomangara.org\/wp-content\/uploads\/2021\/02\/Ecomeio-4-768x432.jpg 768w, https:\/\/institutomangara.org\/wp-content\/uploads\/2021\/02\/Ecomeio-4-300x169.jpg 300w, https:\/\/institutomangara.org\/wp-content\/uploads\/2021\/02\/Ecomeio-4-1024x576.jpg 1024w, https:\/\/institutomangara.org\/wp-content\/uploads\/2021\/02\/Ecomeio-4-1536x864.jpg 1536w, https:\/\/institutomangara.org\/wp-content\/uploads\/2021\/02\/Ecomeio-4-2048x1152.jpg 2048w\" sizes=\"auto, (max-width: 768px) 100vw, 768px\" \/><\/a>\n\t\t\t<\/div><\/figure><figure class='gallery-item'>\n\t\t\t<div class='gallery-icon landscape'>\n\t\t\t\t<a data-elementor-open-lightbox=\"yes\" data-elementor-lightbox-slideshow=\"0079860\" data-elementor-lightbox-title=\"ecomeio 7\" href='https:\/\/institutomangara.org\/wp-content\/uploads\/2021\/02\/ecomeio-7-scaled.jpg'><img loading=\"lazy\" decoding=\"async\" width=\"768\" height=\"432\" src=\"https:\/\/institutomangara.org\/wp-content\/uploads\/2021\/02\/ecomeio-7-768x432.jpg\" class=\"attachment-medium_large size-medium_large\" alt=\"\" srcset=\"https:\/\/institutomangara.org\/wp-content\/uploads\/2021\/02\/ecomeio-7-768x432.jpg 768w, https:\/\/institutomangara.org\/wp-content\/uploads\/2021\/02\/ecomeio-7-300x169.jpg 300w, https:\/\/institutomangara.org\/wp-content\/uploads\/2021\/02\/ecomeio-7-1024x576.jpg 1024w, https:\/\/institutomangara.org\/wp-content\/uploads\/2021\/02\/ecomeio-7-1536x864.jpg 1536w, https:\/\/institutomangara.org\/wp-content\/uploads\/2021\/02\/ecomeio-7-2048x1152.jpg 2048w\" sizes=\"auto, (max-width: 768px) 100vw, 768px\" \/><\/a>\n\t\t\t<\/div><\/figure><figure class='gallery-item'>\n\t\t\t<div class='gallery-icon landscape'>\n\t\t\t\t<a data-elementor-open-lightbox=\"yes\" data-elementor-lightbox-slideshow=\"0079860\" data-elementor-lightbox-title=\"ecomeio 10\" href='https:\/\/institutomangara.org\/wp-content\/uploads\/2021\/02\/ecomeio-10-scaled.jpg'><img loading=\"lazy\" decoding=\"async\" width=\"768\" height=\"432\" src=\"https:\/\/institutomangara.org\/wp-content\/uploads\/2021\/02\/ecomeio-10-768x432.jpg\" class=\"attachment-medium_large size-medium_large\" alt=\"\" srcset=\"https:\/\/institutomangara.org\/wp-content\/uploads\/2021\/02\/ecomeio-10-768x432.jpg 768w, https:\/\/institutomangara.org\/wp-content\/uploads\/2021\/02\/ecomeio-10-300x169.jpg 300w, https:\/\/institutomangara.org\/wp-content\/uploads\/2021\/02\/ecomeio-10-1024x576.jpg 1024w, https:\/\/institutomangara.org\/wp-content\/uploads\/2021\/02\/ecomeio-10-1536x864.jpg 1536w, https:\/\/institutomangara.org\/wp-content\/uploads\/2021\/02\/ecomeio-10-2048x1152.jpg 2048w\" sizes=\"auto, (max-width: 768px) 100vw, 768px\" \/><\/a>\n\t\t\t<\/div><\/figure><figure class='gallery-item'>\n\t\t\t<div class='gallery-icon landscape'>\n\t\t\t\t<a data-elementor-open-lightbox=\"yes\" data-elementor-lightbox-slideshow=\"0079860\" data-elementor-lightbox-title=\"ecomeio 12\" href='https:\/\/institutomangara.org\/wp-content\/uploads\/2021\/02\/ecomeio-12-scaled.jpg'><img loading=\"lazy\" decoding=\"async\" width=\"768\" height=\"432\" src=\"https:\/\/institutomangara.org\/wp-content\/uploads\/2021\/02\/ecomeio-12-768x432.jpg\" class=\"attachment-medium_large size-medium_large\" alt=\"\" srcset=\"https:\/\/institutomangara.org\/wp-content\/uploads\/2021\/02\/ecomeio-12-768x432.jpg 768w, https:\/\/institutomangara.org\/wp-content\/uploads\/2021\/02\/ecomeio-12-300x169.jpg 300w, https:\/\/institutomangara.org\/wp-content\/uploads\/2021\/02\/ecomeio-12-1024x576.jpg 1024w, https:\/\/institutomangara.org\/wp-content\/uploads\/2021\/02\/ecomeio-12-1536x864.jpg 1536w, https:\/\/institutomangara.org\/wp-content\/uploads\/2021\/02\/ecomeio-12-2048x1152.jpg 2048w\" sizes=\"auto, (max-width: 768px) 100vw, 768px\" \/><\/a>\n\t\t\t<\/div><\/figure><figure class='gallery-item'>\n\t\t\t<div class='gallery-icon landscape'>\n\t\t\t\t<a data-elementor-open-lightbox=\"yes\" data-elementor-lightbox-slideshow=\"0079860\" data-elementor-lightbox-title=\"Ecomeio 13\" href='https:\/\/institutomangara.org\/wp-content\/uploads\/2021\/02\/Ecomeio-13-scaled.jpg'><img loading=\"lazy\" decoding=\"async\" width=\"768\" height=\"432\" src=\"https:\/\/institutomangara.org\/wp-content\/uploads\/2021\/02\/Ecomeio-13-768x432.jpg\" class=\"attachment-medium_large size-medium_large\" alt=\"\" srcset=\"https:\/\/institutomangara.org\/wp-content\/uploads\/2021\/02\/Ecomeio-13-768x432.jpg 768w, https:\/\/institutomangara.org\/wp-content\/uploads\/2021\/02\/Ecomeio-13-300x169.jpg 300w, https:\/\/institutomangara.org\/wp-content\/uploads\/2021\/02\/Ecomeio-13-1024x576.jpg 1024w, https:\/\/institutomangara.org\/wp-content\/uploads\/2021\/02\/Ecomeio-13-1536x864.jpg 1536w, https:\/\/institutomangara.org\/wp-content\/uploads\/2021\/02\/Ecomeio-13-2048x1152.jpg 2048w\" sizes=\"auto, (max-width: 768px) 100vw, 768px\" \/><\/a>\n\t\t\t<\/div><\/figure><figure class='gallery-item'>\n\t\t\t<div class='gallery-icon landscape'>\n\t\t\t\t<a data-elementor-open-lightbox=\"yes\" data-elementor-lightbox-slideshow=\"0079860\" data-elementor-lightbox-title=\"Ecomeio 14\" href='https:\/\/institutomangara.org\/wp-content\/uploads\/2021\/02\/Ecomeio-14-scaled.jpg'><img loading=\"lazy\" decoding=\"async\" width=\"768\" height=\"432\" src=\"https:\/\/institutomangara.org\/wp-content\/uploads\/2021\/02\/Ecomeio-14-768x432.jpg\" class=\"attachment-medium_large size-medium_large\" alt=\"\" srcset=\"https:\/\/institutomangara.org\/wp-content\/uploads\/2021\/02\/Ecomeio-14-768x432.jpg 768w, https:\/\/institutomangara.org\/wp-content\/uploads\/2021\/02\/Ecomeio-14-300x169.jpg 300w, https:\/\/institutomangara.org\/wp-content\/uploads\/2021\/02\/Ecomeio-14-1024x576.jpg 1024w, https:\/\/institutomangara.org\/wp-content\/uploads\/2021\/02\/Ecomeio-14-1536x864.jpg 1536w, https:\/\/institutomangara.org\/wp-content\/uploads\/2021\/02\/Ecomeio-14-2048x1152.jpg 2048w\" sizes=\"auto, (max-width: 768px) 100vw, 768px\" \/><\/a>\n\t\t\t<\/div><\/figure><figure class='gallery-item'>\n\t\t\t<div class='gallery-icon landscape'>\n\t\t\t\t<a data-elementor-open-lightbox=\"yes\" data-elementor-lightbox-slideshow=\"0079860\" data-elementor-lightbox-title=\"Ecomeio 15\" href='https:\/\/institutomangara.org\/wp-content\/uploads\/2021\/02\/Ecomeio-15-scaled.jpg'><img loading=\"lazy\" decoding=\"async\" width=\"768\" height=\"432\" src=\"https:\/\/institutomangara.org\/wp-content\/uploads\/2021\/02\/Ecomeio-15-768x432.jpg\" class=\"attachment-medium_large size-medium_large\" alt=\"\" srcset=\"https:\/\/institutomangara.org\/wp-content\/uploads\/2021\/02\/Ecomeio-15-768x432.jpg 768w, https:\/\/institutomangara.org\/wp-content\/uploads\/2021\/02\/Ecomeio-15-300x169.jpg 300w, https:\/\/institutomangara.org\/wp-content\/uploads\/2021\/02\/Ecomeio-15-1024x576.jpg 1024w, https:\/\/institutomangara.org\/wp-content\/uploads\/2021\/02\/Ecomeio-15-1536x864.jpg 1536w, https:\/\/institutomangara.org\/wp-content\/uploads\/2021\/02\/Ecomeio-15-2048x1151.jpg 2048w\" sizes=\"auto, (max-width: 768px) 100vw, 768px\" \/><\/a>\n\t\t\t<\/div><\/figure><figure class='gallery-item'>\n\t\t\t<div class='gallery-icon landscape'>\n\t\t\t\t<a data-elementor-open-lightbox=\"yes\" data-elementor-lightbox-slideshow=\"0079860\" data-elementor-lightbox-title=\"Ecomeio 16\" href='https:\/\/institutomangara.org\/wp-content\/uploads\/2021\/02\/Ecomeio-16-scaled.jpg'><img loading=\"lazy\" decoding=\"async\" width=\"768\" height=\"432\" src=\"https:\/\/institutomangara.org\/wp-content\/uploads\/2021\/02\/Ecomeio-16-768x432.jpg\" class=\"attachment-medium_large size-medium_large\" alt=\"\" srcset=\"https:\/\/institutomangara.org\/wp-content\/uploads\/2021\/02\/Ecomeio-16-768x432.jpg 768w, https:\/\/institutomangara.org\/wp-content\/uploads\/2021\/02\/Ecomeio-16-300x169.jpg 300w, https:\/\/institutomangara.org\/wp-content\/uploads\/2021\/02\/Ecomeio-16-1024x576.jpg 1024w, https:\/\/institutomangara.org\/wp-content\/uploads\/2021\/02\/Ecomeio-16-1536x864.jpg 1536w, https:\/\/institutomangara.org\/wp-content\/uploads\/2021\/02\/Ecomeio-16-2048x1152.jpg 2048w\" sizes=\"auto, (max-width: 768px) 100vw, 768px\" \/><\/a>\n\t\t\t<\/div><\/figure><figure class='gallery-item'>\n\t\t\t<div class='gallery-icon landscape'>\n\t\t\t\t<a data-elementor-open-lightbox=\"yes\" data-elementor-lightbox-slideshow=\"0079860\" data-elementor-lightbox-title=\"Ecomeio foto 1\" href='https:\/\/institutomangara.org\/wp-content\/uploads\/2021\/02\/Ecomeio-foto-1.jpg'><img loading=\"lazy\" decoding=\"async\" width=\"768\" height=\"432\" src=\"https:\/\/institutomangara.org\/wp-content\/uploads\/2021\/02\/Ecomeio-foto-1-768x432.jpg\" class=\"attachment-medium_large size-medium_large\" alt=\"\" srcset=\"https:\/\/institutomangara.org\/wp-content\/uploads\/2021\/02\/Ecomeio-foto-1-768x432.jpg 768w, https:\/\/institutomangara.org\/wp-content\/uploads\/2021\/02\/Ecomeio-foto-1-300x169.jpg 300w, https:\/\/institutomangara.org\/wp-content\/uploads\/2021\/02\/Ecomeio-foto-1-1024x576.jpg 1024w, https:\/\/institutomangara.org\/wp-content\/uploads\/2021\/02\/Ecomeio-foto-1.jpg 1211w\" sizes=\"auto, (max-width: 768px) 100vw, 768px\" \/><\/a>\n\t\t\t<\/div><\/figure>\n\t\t<\/div>\n\t\t<\/div>\n\t\t\t\t<\/div>\n\t\t\t\t<\/div>\n\t\t\t\t\t\t<\/div>\n\t\t\t\t\t<\/div>\n\t\t<\/div>\n\t\t\t\t\t\t\t\t<\/div>\n\t\t\t\t\t<\/div>\n\t\t<\/section>\n\t\t\t\t\t\t<\/div>\n\t\t\t\t\t\t<\/div>\n\t\t\t\t\t<\/div>\n\t\t","protected":false},"excerpt":{"rendered":"<p>Projeto EcoMeio Ainda em processo de implanta\u00e7\u00e3o. Envolve um empreendimento com\u00a0 viveiro de mudas, uma casa de sementes para venda e troca de sementes e a produ\u00e7\u00e3o de artesanato com materiais recicl\u00e1veis.Tem o prop\u00f3sito de desenvolver pr\u00e1ticas de permacultura e agroecologia na produ\u00e7\u00e3o de alimentos saud\u00e1veis gerando renda e sustentabilidade financeira para as empreendedoras. Integrando &hellip;<\/p>\n<p class=\"read-more\"> <a class=\"\" href=\"https:\/\/institutomangara.org\/?page_id=1879\"> <span class=\"screen-reader-text\">Projeto EcoMeio<\/span> Leia mais &raquo;<\/a><\/p>\n","protected":false},"author":1,"featured_media":0,"parent":0,"menu_order":0,"comment_status":"closed","ping_status":"closed","template":"","meta":{"footnotes":""},"class_list":["post-1879","page","type-page","status-publish","hentry"],"_links":{"self":[{"href":"https:\/\/institutomangara.org\/index.php?rest_route=\/wp\/v2\/pages\/1879","targetHints":{"allow":["GET"]}}],"collection":[{"href":"https:\/\/institutomangara.org\/index.php?rest_route=\/wp\/v2\/pages"}],"about":[{"href":"https:\/\/institutomangara.org\/index.php?rest_route=\/wp\/v2\/types\/page"}],"author":[{"embeddable":true,"href":"https:\/\/institutomangara.org\/index.php?rest_route=\/wp\/v2\/users\/1"}],"replies":[{"embeddable":true,"href":"https:\/\/institutomangara.org\/index.php?rest_route=%2Fwp%2Fv2%2Fcomments&post=1879"}],"version-history":[{"count":7,"href":"https:\/\/institutomangara.org\/index.php?rest_route=\/wp\/v2\/pages\/1879\/revisions"}],"predecessor-version":[{"id":2248,"href":"https:\/\/institutomangara.org\/index.php?rest_route=\/wp\/v2\/pages\/1879\/revisions\/2248"}],"wp:attachment":[{"href":"https:\/\/institutomangara.org\/index.php?rest_route=%2Fwp%2Fv2%2Fmedia&parent=1879"}],"curies":[{"name":"wp","href":"https:\/\/api.w.org\/{rel}","templated":true}]}}