{"id":2056,"date":"2021-02-13T16:26:07","date_gmt":"2021-02-13T16:26:07","guid":{"rendered":"http:\/\/institutomangara.org\/?page_id=2056"},"modified":"2021-02-13T16:37:20","modified_gmt":"2021-02-13T16:37:20","slug":"incubacao-da-rede-kolofe","status":"publish","type":"page","link":"https:\/\/institutomangara.org\/?page_id=2056","title":{"rendered":"Incuba\u00e7\u00e3o da Rede Kolof\u00e9"},"content":{"rendered":"\t\t<div data-elementor-type=\"wp-page\" data-elementor-id=\"2056\" class=\"elementor elementor-2056\" data-elementor-settings=\"[]\">\n\t\t\t\t\t\t<div class=\"elementor-inner\">\n\t\t\t\t\t\t\t<div class=\"elementor-section-wrap\">\n\t\t\t\t\t\t\t<section class=\"has_ma_el_bg_slider elementor-section elementor-top-section elementor-element elementor-element-8a6aea2 elementor-section-boxed elementor-section-height-default elementor-section-height-default\" data-id=\"8a6aea2\" data-element_type=\"section\">\n\t\t\t\t\t\t<div class=\"elementor-container elementor-column-gap-default\">\n\t\t\t\t\t\t\t<div class=\"elementor-row\">\n\t\t\t\t\t<div class=\"has_ma_el_bg_slider elementor-column elementor-col-100 elementor-top-column elementor-element elementor-element-0876cd6\" data-id=\"0876cd6\" data-element_type=\"column\">\n\t\t\t<div class=\"elementor-column-wrap elementor-element-populated\">\n\t\t\t\t\t\t\t<div class=\"elementor-widget-wrap\">\n\t\t\t\t\t\t<div class=\"elementor-element elementor-element-be2abe2 elementor-widget elementor-widget-heading\" data-id=\"be2abe2\" data-element_type=\"widget\" data-widget_type=\"heading.default\">\n\t\t\t\t<div class=\"elementor-widget-container\">\n\t\t\t<h2 class=\"elementor-heading-title elementor-size-default\">Incuba\u00e7\u00e3o da Rede Kolof\u00e9<\/h2>\t\t<\/div>\n\t\t\t\t<\/div>\n\t\t\t\t\t\t<\/div>\n\t\t\t\t\t<\/div>\n\t\t<\/div>\n\t\t\t\t\t\t\t\t<\/div>\n\t\t\t\t\t<\/div>\n\t\t<\/section>\n\t\t\t\t<section class=\"has_ma_el_bg_slider elementor-section elementor-top-section elementor-element elementor-element-38baddc elementor-section-boxed elementor-section-height-default elementor-section-height-default\" data-id=\"38baddc\" data-element_type=\"section\">\n\t\t\t\t\t\t<div class=\"elementor-container elementor-column-gap-default\">\n\t\t\t\t\t\t\t<div class=\"elementor-row\">\n\t\t\t\t\t<div class=\"has_ma_el_bg_slider elementor-column elementor-col-100 elementor-top-column elementor-element elementor-element-7489e2c\" data-id=\"7489e2c\" data-element_type=\"column\">\n\t\t\t<div class=\"elementor-column-wrap elementor-element-populated\">\n\t\t\t\t\t\t\t<div class=\"elementor-widget-wrap\">\n\t\t\t\t\t\t<div class=\"elementor-element elementor-element-7b35972 elementor-widget elementor-widget-image\" data-id=\"7b35972\" data-element_type=\"widget\" data-widget_type=\"image.default\">\n\t\t\t\t<div class=\"elementor-widget-container\">\n\t\t\t\t\t<div class=\"elementor-image\">\n\t\t\t\t\t\t\t\t\t\t<img loading=\"lazy\" decoding=\"async\" width=\"1024\" height=\"576\" src=\"https:\/\/institutomangara.org\/wp-content\/uploads\/2021\/02\/kilofemoda-1024x576.jpg\" class=\"attachment-large size-large\" alt=\"\" srcset=\"https:\/\/institutomangara.org\/wp-content\/uploads\/2021\/02\/kilofemoda-1024x576.jpg 1024w, https:\/\/institutomangara.org\/wp-content\/uploads\/2021\/02\/kilofemoda-300x169.jpg 300w, https:\/\/institutomangara.org\/wp-content\/uploads\/2021\/02\/kilofemoda-768x432.jpg 768w, https:\/\/institutomangara.org\/wp-content\/uploads\/2021\/02\/kilofemoda-1536x864.jpg 1536w, https:\/\/institutomangara.org\/wp-content\/uploads\/2021\/02\/kilofemoda-2048x1152.jpg 2048w\" sizes=\"auto, (max-width: 1024px) 100vw, 1024px\" \/>\t\t\t\t\t\t\t\t\t\t\t<\/div>\n\t\t\t\t<\/div>\n\t\t\t\t<\/div>\n\t\t\t\t\t\t<\/div>\n\t\t\t\t\t<\/div>\n\t\t<\/div>\n\t\t\t\t\t\t\t\t<\/div>\n\t\t\t\t\t<\/div>\n\t\t<\/section>\n\t\t\t\t<section class=\"has_ma_el_bg_slider elementor-section elementor-top-section elementor-element elementor-element-fbb84fb elementor-section-boxed elementor-section-height-default elementor-section-height-default\" data-id=\"fbb84fb\" data-element_type=\"section\">\n\t\t\t\t\t\t<div class=\"elementor-container elementor-column-gap-default\">\n\t\t\t\t\t\t\t<div class=\"elementor-row\">\n\t\t\t\t\t<div class=\"has_ma_el_bg_slider elementor-column elementor-col-100 elementor-top-column elementor-element elementor-element-5bd9ce6\" data-id=\"5bd9ce6\" data-element_type=\"column\">\n\t\t\t<div class=\"elementor-column-wrap elementor-element-populated\">\n\t\t\t\t\t\t\t<div class=\"elementor-widget-wrap\">\n\t\t\t\t\t\t<div class=\"elementor-element elementor-element-52a58f9 elementor-widget elementor-widget-text-editor\" data-id=\"52a58f9\" data-element_type=\"widget\" data-widget_type=\"text-editor.default\">\n\t\t\t\t<div class=\"elementor-widget-container\">\n\t\t\t\t\t<div class=\"elementor-text-editor elementor-clearfix\"><p>Trabalhando a quest\u00e3o racial e econ\u00f4mica o Instituto Mangar\u00e1 trouxe para incubar a Rede Kilof\u00e9 de Economia de Negras e Negros do Estado do Cear\u00e1. \u00c9 um coletivo de produtoras e produtores\u00a0 &#8211; em sua grande maioria , mulheres\u00a0 de artes\u00e3s &#8211;\u00a0 que produzem bens,artes e servi\u00e7os. Articulam-se\u00a0 em torno de feiras e outras formas coletivas de comercializa\u00e7\u00e3o.<\/p><p>Um dos primeiros produtos dessa incuba\u00e7\u00e3o \/ articula\u00e7\u00e3o foi o projeto KITANDA NO DRAG\u00c3O, realizado no centro Drag\u00e3o do Mar de Arte e Cultura nos anos de 2017 e 2018 Aconteceram\u00a0 quatro vezes ao ano\u00a0 nos domingos pr\u00f3ximos \u00e0s datas comemorativas da popula\u00e7\u00e3o negra no Cear\u00e1: 25 de mar\u00e7o- Aboli\u00e7\u00e3o no Cear\u00e1;\u00a0 23 de maio &#8211; Aboli\u00e7\u00e3o em Fortaleza; 25 de Julho dia de Tereza de Benguela e da\u00a0 Mulher negra latinoamericana e caribenha e o 20 de Novembro &#8211; Dia da consci\u00eancia Negra.<\/p><p>Da Kitanda no drag\u00e3o\u00a0 constava dois momentos: Um momento formativo com palestra semin\u00e1rio ou oficina que tinha como p\u00fablico as\u00a0 produtoras e seus convidados realizada na parte interna do Centro Drag\u00e3o do Mar de Arte e Cultura na praia de Iracema-Fortaleza; Outro momento , \u00e0 noite a feira de produtos\u00a0 da economia de negros e negras acompanhada de espet\u00e1culos culturais com artistas negras e negros.<\/p><p>Nesse processo de incuba\u00e7\u00e3o que teve a dura\u00e7\u00e3o de cinco anos &#8211; 2014 a 2018-\u00a0 al\u00e9m da Kitanda no Drag\u00e3o foram realizadas as seguintes a\u00e7\u00f5es:<\/p><p>\u00a0<\/p><\/div>\n\t\t\t\t<\/div>\n\t\t\t\t<\/div>\n\t\t\t\t\t\t<\/div>\n\t\t\t\t\t<\/div>\n\t\t<\/div>\n\t\t\t\t\t\t\t\t<\/div>\n\t\t\t\t\t<\/div>\n\t\t<\/section>\n\t\t\t\t<section class=\"has_ma_el_bg_slider elementor-section elementor-top-section elementor-element elementor-element-d2e7b12 elementor-section-boxed elementor-section-height-default elementor-section-height-default\" data-id=\"d2e7b12\" data-element_type=\"section\">\n\t\t\t\t\t\t<div class=\"elementor-container elementor-column-gap-default\">\n\t\t\t\t\t\t\t<div class=\"elementor-row\">\n\t\t\t\t\t<div class=\"has_ma_el_bg_slider elementor-column elementor-col-100 elementor-top-column elementor-element elementor-element-5f2a66a\" data-id=\"5f2a66a\" data-element_type=\"column\">\n\t\t\t<div class=\"elementor-column-wrap elementor-element-populated\">\n\t\t\t\t\t\t\t<div class=\"elementor-widget-wrap\">\n\t\t\t\t\t\t<div class=\"elementor-element elementor-element-456cb5b elementor-aspect-ratio-169 elementor-widget elementor-widget-video\" data-id=\"456cb5b\" data-element_type=\"widget\" data-settings=\"{&quot;aspect_ratio&quot;:&quot;169&quot;}\" data-widget_type=\"video.default\">\n\t\t\t\t<div class=\"elementor-widget-container\">\n\t\t\t\t\t<div class=\"elementor-wrapper elementor-fit-aspect-ratio elementor-open-inline\">\n\t\t\t<iframe class=\"elementor-video-iframe\" allowfullscreen title=\"Player de V\u00eddeo youtube\" src=\"https:\/\/www.youtube.com\/embed\/h8Ocx3_6V5w?feature=oembed&amp;start&amp;end&amp;wmode=opaque&amp;loop=0&amp;controls=1&amp;mute=0&amp;rel=0&amp;modestbranding=0\"><\/iframe>\t\t<\/div>\n\t\t\t\t<\/div>\n\t\t\t\t<\/div>\n\t\t\t\t\t\t<\/div>\n\t\t\t\t\t<\/div>\n\t\t<\/div>\n\t\t\t\t\t\t\t\t<\/div>\n\t\t\t\t\t<\/div>\n\t\t<\/section>\n\t\t\t\t<section class=\"has_ma_el_bg_slider elementor-section elementor-top-section elementor-element elementor-element-8d80313 elementor-section-boxed elementor-section-height-default elementor-section-height-default\" data-id=\"8d80313\" data-element_type=\"section\">\n\t\t\t\t\t\t<div class=\"elementor-container elementor-column-gap-default\">\n\t\t\t\t\t\t\t<div class=\"elementor-row\">\n\t\t\t\t\t<div class=\"has_ma_el_bg_slider elementor-column elementor-col-100 elementor-top-column elementor-element elementor-element-69ec350\" data-id=\"69ec350\" data-element_type=\"column\">\n\t\t\t<div class=\"elementor-column-wrap elementor-element-populated\">\n\t\t\t\t\t\t\t<div class=\"elementor-widget-wrap\">\n\t\t\t\t\t\t<div class=\"elementor-element elementor-element-77f3ce9 elementor-widget elementor-widget-heading\" data-id=\"77f3ce9\" data-element_type=\"widget\" data-widget_type=\"heading.default\">\n\t\t\t\t<div class=\"elementor-widget-container\">\n\t\t\t<h2 class=\"elementor-heading-title elementor-size-default\">Galeria de imagens<\/h2>\t\t<\/div>\n\t\t\t\t<\/div>\n\t\t\t\t\t\t<\/div>\n\t\t\t\t\t<\/div>\n\t\t<\/div>\n\t\t\t\t\t\t\t\t<\/div>\n\t\t\t\t\t<\/div>\n\t\t<\/section>\n\t\t\t\t<section class=\"has_ma_el_bg_slider elementor-section elementor-top-section elementor-element elementor-element-be5e3bb elementor-section-boxed elementor-section-height-default elementor-section-height-default\" data-id=\"be5e3bb\" data-element_type=\"section\">\n\t\t\t\t\t\t<div class=\"elementor-container elementor-column-gap-default\">\n\t\t\t\t\t\t\t<div class=\"elementor-row\">\n\t\t\t\t\t<div class=\"has_ma_el_bg_slider elementor-column elementor-col-100 elementor-top-column elementor-element elementor-element-187b7c2\" data-id=\"187b7c2\" data-element_type=\"column\">\n\t\t\t<div class=\"elementor-column-wrap elementor-element-populated\">\n\t\t\t\t\t\t\t<div class=\"elementor-widget-wrap\">\n\t\t\t\t\t\t<div class=\"elementor-element elementor-element-13af540 elementor-widget elementor-widget-image-gallery\" data-id=\"13af540\" data-element_type=\"widget\" data-widget_type=\"image-gallery.default\">\n\t\t\t\t<div class=\"elementor-widget-container\">\n\t\t\t\t\t<div class=\"elementor-image-gallery\">\n\t\t\t<div id='gallery-1' class='gallery galleryid-2056 gallery-columns-4 gallery-size-medium'><figure class='gallery-item'>\n\t\t\t<div class='gallery-icon landscape'>\n\t\t\t\t<a data-elementor-open-lightbox=\"yes\" data-elementor-lightbox-slideshow=\"13af540\" data-elementor-lightbox-title=\"Reuniao no Dragao\" href='https:\/\/institutomangara.org\/wp-content\/uploads\/2021\/02\/Reuniao-no-Dragao-scaled.jpg'><img loading=\"lazy\" decoding=\"async\" width=\"300\" height=\"169\" src=\"https:\/\/institutomangara.org\/wp-content\/uploads\/2021\/02\/Reuniao-no-Dragao-300x169.jpg\" class=\"attachment-medium size-medium\" alt=\"\" srcset=\"https:\/\/institutomangara.org\/wp-content\/uploads\/2021\/02\/Reuniao-no-Dragao-300x169.jpg 300w, https:\/\/institutomangara.org\/wp-content\/uploads\/2021\/02\/Reuniao-no-Dragao-1024x576.jpg 1024w, https:\/\/institutomangara.org\/wp-content\/uploads\/2021\/02\/Reuniao-no-Dragao-768x432.jpg 768w, https:\/\/institutomangara.org\/wp-content\/uploads\/2021\/02\/Reuniao-no-Dragao-1536x864.jpg 1536w, https:\/\/institutomangara.org\/wp-content\/uploads\/2021\/02\/Reuniao-no-Dragao-2048x1152.jpg 2048w\" sizes=\"auto, (max-width: 300px) 100vw, 300px\" \/><\/a>\n\t\t\t<\/div><\/figure><figure class='gallery-item'>\n\t\t\t<div class='gallery-icon landscape'>\n\t\t\t\t<a data-elementor-open-lightbox=\"yes\" data-elementor-lightbox-slideshow=\"13af540\" data-elementor-lightbox-title=\"Rede Kilof\u00e9 reuni\u00e3o\" href='https:\/\/institutomangara.org\/wp-content\/uploads\/2021\/02\/Rede-Kilofe-reuniao-scaled.jpg'><img loading=\"lazy\" decoding=\"async\" width=\"300\" height=\"169\" src=\"https:\/\/institutomangara.org\/wp-content\/uploads\/2021\/02\/Rede-Kilofe-reuniao-300x169.jpg\" class=\"attachment-medium size-medium\" alt=\"\" srcset=\"https:\/\/institutomangara.org\/wp-content\/uploads\/2021\/02\/Rede-Kilofe-reuniao-300x169.jpg 300w, https:\/\/institutomangara.org\/wp-content\/uploads\/2021\/02\/Rede-Kilofe-reuniao-1024x576.jpg 1024w, https:\/\/institutomangara.org\/wp-content\/uploads\/2021\/02\/Rede-Kilofe-reuniao-768x432.jpg 768w, https:\/\/institutomangara.org\/wp-content\/uploads\/2021\/02\/Rede-Kilofe-reuniao-1536x864.jpg 1536w, https:\/\/institutomangara.org\/wp-content\/uploads\/2021\/02\/Rede-Kilofe-reuniao-2048x1152.jpg 2048w\" sizes=\"auto, (max-width: 300px) 100vw, 300px\" \/><\/a>\n\t\t\t<\/div><\/figure><figure class='gallery-item'>\n\t\t\t<div class='gallery-icon landscape'>\n\t\t\t\t<a data-elementor-open-lightbox=\"yes\" data-elementor-lightbox-slideshow=\"13af540\" data-elementor-lightbox-title=\"Rede Kilof\u00e9 reuni\u00e3o fetrace\" href='https:\/\/institutomangara.org\/wp-content\/uploads\/2021\/02\/Rede-Kilofe-reuniao-fetrace-scaled.jpg'><img loading=\"lazy\" decoding=\"async\" width=\"300\" height=\"169\" src=\"https:\/\/institutomangara.org\/wp-content\/uploads\/2021\/02\/Rede-Kilofe-reuniao-fetrace-300x169.jpg\" class=\"attachment-medium size-medium\" alt=\"\" srcset=\"https:\/\/institutomangara.org\/wp-content\/uploads\/2021\/02\/Rede-Kilofe-reuniao-fetrace-300x169.jpg 300w, https:\/\/institutomangara.org\/wp-content\/uploads\/2021\/02\/Rede-Kilofe-reuniao-fetrace-1024x576.jpg 1024w, https:\/\/institutomangara.org\/wp-content\/uploads\/2021\/02\/Rede-Kilofe-reuniao-fetrace-768x432.jpg 768w, https:\/\/institutomangara.org\/wp-content\/uploads\/2021\/02\/Rede-Kilofe-reuniao-fetrace-1536x864.jpg 1536w, https:\/\/institutomangara.org\/wp-content\/uploads\/2021\/02\/Rede-Kilofe-reuniao-fetrace-2048x1152.jpg 2048w\" sizes=\"auto, (max-width: 300px) 100vw, 300px\" \/><\/a>\n\t\t\t<\/div><\/figure><figure class='gallery-item'>\n\t\t\t<div class='gallery-icon landscape'>\n\t\t\t\t<a data-elementor-open-lightbox=\"yes\" data-elementor-lightbox-slideshow=\"13af540\" data-elementor-lightbox-title=\"Rede Kilof\u00e9 reuni\u00e3o fetrace 2\" href='https:\/\/institutomangara.org\/wp-content\/uploads\/2021\/02\/Rede-Kilofe-reuniao-fetrace-2-scaled.jpg'><img loading=\"lazy\" decoding=\"async\" width=\"300\" height=\"169\" src=\"https:\/\/institutomangara.org\/wp-content\/uploads\/2021\/02\/Rede-Kilofe-reuniao-fetrace-2-300x169.jpg\" class=\"attachment-medium size-medium\" alt=\"\" srcset=\"https:\/\/institutomangara.org\/wp-content\/uploads\/2021\/02\/Rede-Kilofe-reuniao-fetrace-2-300x169.jpg 300w, https:\/\/institutomangara.org\/wp-content\/uploads\/2021\/02\/Rede-Kilofe-reuniao-fetrace-2-1024x576.jpg 1024w, https:\/\/institutomangara.org\/wp-content\/uploads\/2021\/02\/Rede-Kilofe-reuniao-fetrace-2-768x432.jpg 768w, https:\/\/institutomangara.org\/wp-content\/uploads\/2021\/02\/Rede-Kilofe-reuniao-fetrace-2-1536x864.jpg 1536w, https:\/\/institutomangara.org\/wp-content\/uploads\/2021\/02\/Rede-Kilofe-reuniao-fetrace-2-2048x1152.jpg 2048w\" sizes=\"auto, (max-width: 300px) 100vw, 300px\" \/><\/a>\n\t\t\t<\/div><\/figure><figure class='gallery-item'>\n\t\t\t<div class='gallery-icon landscape'>\n\t\t\t\t<a data-elementor-open-lightbox=\"yes\" data-elementor-lightbox-slideshow=\"13af540\" data-elementor-lightbox-title=\"Rede Kilof\u00e9 kitanda\" href='https:\/\/institutomangara.org\/wp-content\/uploads\/2021\/02\/Rede-Kilofe-kitanda-1.jpg'><img loading=\"lazy\" decoding=\"async\" width=\"300\" height=\"169\" src=\"https:\/\/institutomangara.org\/wp-content\/uploads\/2021\/02\/Rede-Kilofe-kitanda-1-300x169.jpg\" class=\"attachment-medium size-medium\" alt=\"\" srcset=\"https:\/\/institutomangara.org\/wp-content\/uploads\/2021\/02\/Rede-Kilofe-kitanda-1-300x169.jpg 300w, https:\/\/institutomangara.org\/wp-content\/uploads\/2021\/02\/Rede-Kilofe-kitanda-1-768x432.jpg 768w, https:\/\/institutomangara.org\/wp-content\/uploads\/2021\/02\/Rede-Kilofe-kitanda-1.jpg 906w\" sizes=\"auto, (max-width: 300px) 100vw, 300px\" \/><\/a>\n\t\t\t<\/div><\/figure><figure class='gallery-item'>\n\t\t\t<div class='gallery-icon landscape'>\n\t\t\t\t<a data-elementor-open-lightbox=\"yes\" data-elementor-lightbox-slideshow=\"13af540\" data-elementor-lightbox-title=\"kilofemoda\" href='https:\/\/institutomangara.org\/wp-content\/uploads\/2021\/02\/kilofemoda-scaled.jpg'><img loading=\"lazy\" decoding=\"async\" width=\"300\" height=\"169\" src=\"https:\/\/institutomangara.org\/wp-content\/uploads\/2021\/02\/kilofemoda-300x169.jpg\" class=\"attachment-medium size-medium\" alt=\"\" srcset=\"https:\/\/institutomangara.org\/wp-content\/uploads\/2021\/02\/kilofemoda-300x169.jpg 300w, https:\/\/institutomangara.org\/wp-content\/uploads\/2021\/02\/kilofemoda-1024x576.jpg 1024w, https:\/\/institutomangara.org\/wp-content\/uploads\/2021\/02\/kilofemoda-768x432.jpg 768w, https:\/\/institutomangara.org\/wp-content\/uploads\/2021\/02\/kilofemoda-1536x864.jpg 1536w, https:\/\/institutomangara.org\/wp-content\/uploads\/2021\/02\/kilofemoda-2048x1152.jpg 2048w\" sizes=\"auto, (max-width: 300px) 100vw, 300px\" \/><\/a>\n\t\t\t<\/div><\/figure><figure class='gallery-item'>\n\t\t\t<div class='gallery-icon landscape'>\n\t\t\t\t<a data-elementor-open-lightbox=\"yes\" data-elementor-lightbox-slideshow=\"13af540\" data-elementor-lightbox-title=\"Projeto Kilof\u00e9 Moda2\" href='https:\/\/institutomangara.org\/wp-content\/uploads\/2021\/02\/Projeto-Kilofe-Moda2.jpg'><img loading=\"lazy\" decoding=\"async\" width=\"300\" height=\"153\" src=\"https:\/\/institutomangara.org\/wp-content\/uploads\/2021\/02\/Projeto-Kilofe-Moda2-300x153.jpg\" class=\"attachment-medium size-medium\" alt=\"\" srcset=\"https:\/\/institutomangara.org\/wp-content\/uploads\/2021\/02\/Projeto-Kilofe-Moda2-300x153.jpg 300w, https:\/\/institutomangara.org\/wp-content\/uploads\/2021\/02\/Projeto-Kilofe-Moda2-1024x524.jpg 1024w, https:\/\/institutomangara.org\/wp-content\/uploads\/2021\/02\/Projeto-Kilofe-Moda2-768x393.jpg 768w, https:\/\/institutomangara.org\/wp-content\/uploads\/2021\/02\/Projeto-Kilofe-Moda2.jpg 1376w\" sizes=\"auto, (max-width: 300px) 100vw, 300px\" \/><\/a>\n\t\t\t<\/div><\/figure><figure class='gallery-item'>\n\t\t\t<div class='gallery-icon landscape'>\n\t\t\t\t<a data-elementor-open-lightbox=\"yes\" data-elementor-lightbox-slideshow=\"13af540\" data-elementor-lightbox-title=\"Promo\u00e7\u00e3o da Igualdade RAcial 1 (capa)\" href='https:\/\/institutomangara.org\/wp-content\/uploads\/2021\/02\/Promocao-da-Igualdade-RAcial-1-capa-scaled.jpg'><img loading=\"lazy\" decoding=\"async\" width=\"300\" height=\"169\" src=\"https:\/\/institutomangara.org\/wp-content\/uploads\/2021\/02\/Promocao-da-Igualdade-RAcial-1-capa-300x169.jpg\" class=\"attachment-medium size-medium\" alt=\"\" srcset=\"https:\/\/institutomangara.org\/wp-content\/uploads\/2021\/02\/Promocao-da-Igualdade-RAcial-1-capa-300x169.jpg 300w, https:\/\/institutomangara.org\/wp-content\/uploads\/2021\/02\/Promocao-da-Igualdade-RAcial-1-capa-1024x576.jpg 1024w, https:\/\/institutomangara.org\/wp-content\/uploads\/2021\/02\/Promocao-da-Igualdade-RAcial-1-capa-768x432.jpg 768w, https:\/\/institutomangara.org\/wp-content\/uploads\/2021\/02\/Promocao-da-Igualdade-RAcial-1-capa-1536x864.jpg 1536w, https:\/\/institutomangara.org\/wp-content\/uploads\/2021\/02\/Promocao-da-Igualdade-RAcial-1-capa-2048x1152.jpg 2048w\" sizes=\"auto, (max-width: 300px) 100vw, 300px\" \/><\/a>\n\t\t\t<\/div><\/figure><figure class='gallery-item'>\n\t\t\t<div class='gallery-icon landscape'>\n\t\t\t\t<a data-elementor-open-lightbox=\"yes\" data-elementor-lightbox-slideshow=\"13af540\" data-elementor-lightbox-title=\"Rede Kilof\u00e9 1\" href='https:\/\/institutomangara.org\/wp-content\/uploads\/2021\/02\/Rede-Kilofe-1.jpg'><img loading=\"lazy\" decoding=\"async\" width=\"300\" height=\"169\" src=\"https:\/\/institutomangara.org\/wp-content\/uploads\/2021\/02\/Rede-Kilofe-1-300x169.jpg\" class=\"attachment-medium size-medium\" alt=\"\" srcset=\"https:\/\/institutomangara.org\/wp-content\/uploads\/2021\/02\/Rede-Kilofe-1-300x169.jpg 300w, https:\/\/institutomangara.org\/wp-content\/uploads\/2021\/02\/Rede-Kilofe-1-1024x576.jpg 1024w, https:\/\/institutomangara.org\/wp-content\/uploads\/2021\/02\/Rede-Kilofe-1-768x432.jpg 768w, https:\/\/institutomangara.org\/wp-content\/uploads\/2021\/02\/Rede-Kilofe-1-1536x864.jpg 1536w, https:\/\/institutomangara.org\/wp-content\/uploads\/2021\/02\/Rede-Kilofe-1.jpg 2048w\" sizes=\"auto, (max-width: 300px) 100vw, 300px\" \/><\/a>\n\t\t\t<\/div><\/figure><figure class='gallery-item'>\n\t\t\t<div class='gallery-icon landscape'>\n\t\t\t\t<a data-elementor-open-lightbox=\"yes\" data-elementor-lightbox-slideshow=\"13af540\" data-elementor-lightbox-title=\"Rede Kilof\u00e9 2\" href='https:\/\/institutomangara.org\/wp-content\/uploads\/2021\/02\/Rede-Kilofe-2.jpg'><img loading=\"lazy\" decoding=\"async\" width=\"300\" height=\"169\" src=\"https:\/\/institutomangara.org\/wp-content\/uploads\/2021\/02\/Rede-Kilofe-2-300x169.jpg\" class=\"attachment-medium size-medium\" alt=\"\" srcset=\"https:\/\/institutomangara.org\/wp-content\/uploads\/2021\/02\/Rede-Kilofe-2-300x169.jpg 300w, https:\/\/institutomangara.org\/wp-content\/uploads\/2021\/02\/Rede-Kilofe-2-768x432.jpg 768w, https:\/\/institutomangara.org\/wp-content\/uploads\/2021\/02\/Rede-Kilofe-2.jpg 958w\" sizes=\"auto, (max-width: 300px) 100vw, 300px\" \/><\/a>\n\t\t\t<\/div><\/figure><figure class='gallery-item'>\n\t\t\t<div class='gallery-icon landscape'>\n\t\t\t\t<a data-elementor-open-lightbox=\"yes\" data-elementor-lightbox-slideshow=\"13af540\" data-elementor-lightbox-title=\"Curso de Empreendedorismo Kilofe 2017\" href='https:\/\/institutomangara.org\/wp-content\/uploads\/2021\/02\/Curso-de-Empreendedorismo-Kilofe-2017.jpg'><img loading=\"lazy\" decoding=\"async\" width=\"300\" height=\"169\" src=\"https:\/\/institutomangara.org\/wp-content\/uploads\/2021\/02\/Curso-de-Empreendedorismo-Kilofe-2017-300x169.jpg\" class=\"attachment-medium size-medium\" alt=\"\" srcset=\"https:\/\/institutomangara.org\/wp-content\/uploads\/2021\/02\/Curso-de-Empreendedorismo-Kilofe-2017-300x169.jpg 300w, https:\/\/institutomangara.org\/wp-content\/uploads\/2021\/02\/Curso-de-Empreendedorismo-Kilofe-2017-1024x576.jpg 1024w, https:\/\/institutomangara.org\/wp-content\/uploads\/2021\/02\/Curso-de-Empreendedorismo-Kilofe-2017-768x432.jpg 768w, https:\/\/institutomangara.org\/wp-content\/uploads\/2021\/02\/Curso-de-Empreendedorismo-Kilofe-2017-1536x864.jpg 1536w, https:\/\/institutomangara.org\/wp-content\/uploads\/2021\/02\/Curso-de-Empreendedorismo-Kilofe-2017.jpg 1948w\" sizes=\"auto, (max-width: 300px) 100vw, 300px\" \/><\/a>\n\t\t\t<\/div><\/figure><figure class='gallery-item'>\n\t\t\t<div class='gallery-icon landscape'>\n\t\t\t\t<a data-elementor-open-lightbox=\"yes\" data-elementor-lightbox-slideshow=\"13af540\" data-elementor-lightbox-title=\"foto reira kilof\u00e9\" href='https:\/\/institutomangara.org\/wp-content\/uploads\/2021\/02\/foto-reira-kilofe.png'><img loading=\"lazy\" decoding=\"async\" width=\"300\" height=\"160\" src=\"https:\/\/institutomangara.org\/wp-content\/uploads\/2021\/02\/foto-reira-kilofe-300x160.png\" class=\"attachment-medium size-medium\" alt=\"\" srcset=\"https:\/\/institutomangara.org\/wp-content\/uploads\/2021\/02\/foto-reira-kilofe-300x160.png 300w, https:\/\/institutomangara.org\/wp-content\/uploads\/2021\/02\/foto-reira-kilofe-1024x545.png 1024w, https:\/\/institutomangara.org\/wp-content\/uploads\/2021\/02\/foto-reira-kilofe-768x409.png 768w, https:\/\/institutomangara.org\/wp-content\/uploads\/2021\/02\/foto-reira-kilofe.png 1117w\" sizes=\"auto, (max-width: 300px) 100vw, 300px\" \/><\/a>\n\t\t\t<\/div><\/figure>\n\t\t<\/div>\n\t\t<\/div>\n\t\t\t\t<\/div>\n\t\t\t\t<\/div>\n\t\t\t\t\t\t<\/div>\n\t\t\t\t\t<\/div>\n\t\t<\/div>\n\t\t\t\t\t\t\t\t<\/div>\n\t\t\t\t\t<\/div>\n\t\t<\/section>\n\t\t\t\t\t\t<\/div>\n\t\t\t\t\t\t<\/div>\n\t\t\t\t\t<\/div>\n\t\t","protected":false},"excerpt":{"rendered":"<p>Incuba\u00e7\u00e3o da Rede Kolof\u00e9 Trabalhando a quest\u00e3o racial e econ\u00f4mica o Instituto Mangar\u00e1 trouxe para incubar a Rede Kilof\u00e9 de Economia de Negras e Negros do Estado do Cear\u00e1. \u00c9 um coletivo de produtoras e produtores\u00a0 &#8211; em sua grande maioria , mulheres\u00a0 de artes\u00e3s &#8211;\u00a0 que produzem bens,artes e servi\u00e7os. Articulam-se\u00a0 em torno de &hellip;<\/p>\n<p class=\"read-more\"> <a class=\"\" href=\"https:\/\/institutomangara.org\/?page_id=2056\"> <span class=\"screen-reader-text\">Incuba\u00e7\u00e3o da Rede Kolof\u00e9<\/span> Leia mais &raquo;<\/a><\/p>\n","protected":false},"author":1,"featured_media":0,"parent":0,"menu_order":0,"comment_status":"closed","ping_status":"closed","template":"","meta":{"footnotes":""},"class_list":["post-2056","page","type-page","status-publish","hentry"],"_links":{"self":[{"href":"https:\/\/institutomangara.org\/index.php?rest_route=\/wp\/v2\/pages\/2056","targetHints":{"allow":["GET"]}}],"collection":[{"href":"https:\/\/institutomangara.org\/index.php?rest_route=\/wp\/v2\/pages"}],"about":[{"href":"https:\/\/institutomangara.org\/index.php?rest_route=\/wp\/v2\/types\/page"}],"author":[{"embeddable":true,"href":"https:\/\/institutomangara.org\/index.php?rest_route=\/wp\/v2\/users\/1"}],"replies":[{"embeddable":true,"href":"https:\/\/institutomangara.org\/index.php?rest_route=%2Fwp%2Fv2%2Fcomments&post=2056"}],"version-history":[{"count":19,"href":"https:\/\/institutomangara.org\/index.php?rest_route=\/wp\/v2\/pages\/2056\/revisions"}],"predecessor-version":[{"id":2077,"href":"https:\/\/institutomangara.org\/index.php?rest_route=\/wp\/v2\/pages\/2056\/revisions\/2077"}],"wp:attachment":[{"href":"https:\/\/institutomangara.org\/index.php?rest_route=%2Fwp%2Fv2%2Fmedia&parent=2056"}],"curies":[{"name":"wp","href":"https:\/\/api.w.org\/{rel}","templated":true}]}}